{"id":1268,"date":"2024-04-09T14:30:01","date_gmt":"2024-04-09T12:30:01","guid":{"rendered":"https:\/\/ink.asumbec.com\/fr\/products\/the-street-shirt\/"},"modified":"2024-11-06T15:26:53","modified_gmt":"2024-11-06T14:26:53","slug":"the-street-shirt","status":"publish","type":"product","link":"https:\/\/ink.asumbec.com\/fr\/products\/the-street-shirt\/","title":{"rendered":"The Street Shirt"},"content":{"rendered":"<p>Ce t-shirt classique 100 % coton conserve des lignes nettes sur les bords et s&#8217;associe parfaitement aux tenues streetwear superpos\u00e9es.<\/p>\n<p>\u2022 100 % coton<br \/>\n\u2022 Poids du tissu : 170-180 g\/m\u00b2 (5,0-5,3 oz\/yd\u00b2)<br \/>\n\u2022 Fil \u00e0 fibres ouvertes<br \/>\n\u2022 Tissu tubulaire<br \/>\n\u2022 Bande de propret\u00e9 au col et aux \u00e9paules<br \/>\n\u2022 Double couture aux manches et \u00e0 l&#8217;ourlet inf\u00e9rieur<\/p>\n<p>Ce produit est fabriqu\u00e9 sp\u00e9cialement pour vous d\u00e8s que vous passez une commande, c&#8217;est pourquoi il nous faut un peu plus de temps pour vous le livrer. La fabrication de produits \u00e0 la demande plut\u00f4t qu&#8217;en vrac permet de r\u00e9duire la surproduction, alors merci de prendre des d\u00e9cisions d&#8217;achat r\u00e9fl\u00e9chies !<\/p>\n","protected":false},"excerpt":{"rendered":"<p>Ce t-shirt classique 100 % coton conserve des lignes nettes sur les bords et s&#8217;associe parfaitement aux tenues streetwear superpos\u00e9es.&hellip;<\/p>\n","protected":false},"featured_media":1275,"template":"","meta":[],"product_cat":[26],"product_tag":[],"class_list":{"0":"post-1268","1":"product","2":"type-product","3":"status-publish","4":"has-post-thumbnail","6":"product_cat-clothes","7":"pa_size-l","8":"pa_size-m","9":"pa_size-s","10":"pa_size-xl","12":"first","13":"instock","14":"taxable","15":"shipping-taxable","16":"purchasable","17":"product-type-variable"},"_links":{"self":[{"href":"https:\/\/ink.asumbec.com\/fr\/wp-json\/wp\/v2\/product\/1268"}],"collection":[{"href":"https:\/\/ink.asumbec.com\/fr\/wp-json\/wp\/v2\/product"}],"about":[{"href":"https:\/\/ink.asumbec.com\/fr\/wp-json\/wp\/v2\/types\/product"}],"wp:featuredmedia":[{"embeddable":true,"href":"https:\/\/ink.asumbec.com\/fr\/wp-json\/wp\/v2\/media\/1275"}],"wp:attachment":[{"href":"https:\/\/ink.asumbec.com\/fr\/wp-json\/wp\/v2\/media?parent=1268"}],"wp:term":[{"taxonomy":"product_cat","embeddable":true,"href":"https:\/\/ink.asumbec.com\/fr\/wp-json\/wp\/v2\/product_cat?post=1268"},{"taxonomy":"product_tag","embeddable":true,"href":"https:\/\/ink.asumbec.com\/fr\/wp-json\/wp\/v2\/product_tag?post=1268"}],"curies":[{"name":"wp","href":"https:\/\/api.w.org\/{rel}","templated":true}]}}