{"id":1212,"date":"2024-02-06T22:59:37","date_gmt":"2024-02-06T21:59:37","guid":{"rendered":"https:\/\/ink.asumbec.com\/fr\/products\/unisex-premium-sweatshirt\/"},"modified":"2024-11-06T16:44:31","modified_gmt":"2024-11-06T15:44:31","slug":"the-black-label-unisex-sweatshirt","status":"publish","type":"product","link":"https:\/\/ink.asumbec.com\/fr\/products\/the-black-label-unisex-sweatshirt\/","title":{"rendered":"The Black Label"},"content":{"rendered":"<p>Adoptez une silhouette de sweat-shirt classique avec un col ras du cou c\u00f4tel\u00e9, des poignets \u00e0 manches longues et un ourlet plat. Superposez-le ou portez-le seul pour un look streetwear contemporain. Avec son int\u00e9rieur en polaire douce et sa coupe confortable, il deviendra certainement votre pull pr\u00e9f\u00e9r\u00e9 au quotidien\u00a0!<\/p>\n<p>\u2022 Face 100 % coton<br \/>\n\u2022 65 % coton, 35 % polyester<br \/>\n\u2022 Le coloris anthracite chin\u00e9 est compos\u00e9 de 55 % de coton et de 45 % de polyester<br \/>\n\u2022 Polaire tricot\u00e9 serr\u00e9 \u00e0 3 extr\u00e9mit\u00e9s<br \/>\n\u2022 Couture sur le c\u00f4t\u00e9<br \/>\n\u2022 Col, poignets et ourlet en c\u00f4tes \u00e9toff\u00e9s \u00e0 deux aiguilles<\/p>\n<p>Ce produit est fabriqu\u00e9 sp\u00e9cialement pour vous d\u00e8s que vous passez une commande, c&#8217;est pourquoi il nous faut un peu plus de temps pour vous le livrer. La fabrication de produits \u00e0 la demande plut\u00f4t qu&#8217;en vrac permet de r\u00e9duire la surproduction, alors merci de prendre des d\u00e9cisions d&#8217;achat r\u00e9fl\u00e9chies\u00a0!<\/p>\n","protected":false},"excerpt":{"rendered":"<p>Adoptez une silhouette de sweat-shirt classique avec un col ras du cou c\u00f4tel\u00e9, des poignets \u00e0 manches longues et un&hellip;<\/p>\n","protected":false},"featured_media":1220,"template":"","meta":[],"product_cat":[26],"product_tag":[],"class_list":{"0":"post-1212","1":"product","2":"type-product","3":"status-publish","4":"has-post-thumbnail","6":"product_cat-clothes","7":"pa_size-2xl","8":"pa_size-3xl","9":"pa_size-l","10":"pa_size-m","11":"pa_size-s","12":"pa_size-xl","14":"first","15":"instock","16":"taxable","17":"shipping-taxable","18":"purchasable","19":"product-type-variable","20":"has-default-attributes"},"_links":{"self":[{"href":"https:\/\/ink.asumbec.com\/fr\/wp-json\/wp\/v2\/product\/1212"}],"collection":[{"href":"https:\/\/ink.asumbec.com\/fr\/wp-json\/wp\/v2\/product"}],"about":[{"href":"https:\/\/ink.asumbec.com\/fr\/wp-json\/wp\/v2\/types\/product"}],"wp:featuredmedia":[{"embeddable":true,"href":"https:\/\/ink.asumbec.com\/fr\/wp-json\/wp\/v2\/media\/1220"}],"wp:attachment":[{"href":"https:\/\/ink.asumbec.com\/fr\/wp-json\/wp\/v2\/media?parent=1212"}],"wp:term":[{"taxonomy":"product_cat","embeddable":true,"href":"https:\/\/ink.asumbec.com\/fr\/wp-json\/wp\/v2\/product_cat?post=1212"},{"taxonomy":"product_tag","embeddable":true,"href":"https:\/\/ink.asumbec.com\/fr\/wp-json\/wp\/v2\/product_tag?post=1212"}],"curies":[{"name":"wp","href":"https:\/\/api.w.org\/{rel}","templated":true}]}}