{"id":929,"date":"2023-01-17T14:34:25","date_gmt":"2023-01-17T13:34:25","guid":{"rendered":"https:\/\/ink.asumbec.com\/?page_id=929"},"modified":"2024-04-27T09:10:31","modified_gmt":"2024-04-27T07:10:31","slug":"%e6%8a%80%e3%81%ae%e5%ad%a6%e6%a0%a1","status":"publish","type":"page","link":"https:\/\/ink.asumbec.com\/fr\/%e6%8a%80%e3%81%ae%e5%ad%a6%e6%a0%a1\/","title":{"rendered":"\u6280\u306e\u5b66\u6821"},"content":{"rendered":"\n<div class=\"wp-block-columns is-layout-flex wp-container-core-columns-is-layout-1 wp-block-columns-is-layout-flex\">\n<div class=\"wp-block-column is-layout-flow wp-block-column-is-layout-flow\" style=\"flex-basis:66.66%\"><\/div>\n<\/div>\n\n\n\n<div class=\"wp-block-columns is-layout-flex wp-container-core-columns-is-layout-2 wp-block-columns-is-layout-flex\">\n<div class=\"wp-block-column is-layout-flow wp-block-column-is-layout-flow\" style=\"flex-basis:33.33%\">\n<p class=\"has-text-align-left has-x-large-font-size\">Le premier pull, doux et brod\u00e9.<\/p>\n\n\n\n<p>Pour un peu de chaleur et d&#8217;\u00e9l\u00e9gance.<\/p>\n<\/div>\n\n\n\n<div class=\"wp-block-column is-layout-flow wp-block-column-is-layout-flow\" style=\"flex-basis:66.66%\"><div data-block-name=\"woocommerce\/featured-product\" data-dim-ratio=\"60\" data-edit-mode=\"false\" data-focal-point=\"{&quot;x&quot;:0.68000000000000005,&quot;y&quot;:0.72999999999999998}\" data-min-height=\"336\" data-product-id=\"1212\" data-show-desc=\"false\" data-show-price=\"false\" class=\"wc-block-featured-product alignnone has-background-dim has-background-dim-60 wp-block-woocommerce-featured-product\" style=\"min-height:336px;\"><div class=\"wc-block-featured-product__wrapper\"><div class=\"background-dim__overlay\" style=\"background-color: #000000\"><\/div><img decoding=\"async\" alt=\"The Black Label\" class=\"wc-block-featured-product__background-image\" src=\"https:\/\/ink.asumbec.com\/wp-content\/uploads\/2024\/02\/unisex-premium-sweatshirt-black-front-65c2abb6580ff-1024x1024.jpg\" style=\"object-fit: none;object-position: 68% 73%;\" \/><h2 class=\"wc-block-featured-product__title\">The Black Label<\/h2><div class=\"wc-block-featured-product__link\">\n\n<div class=\"wp-block-buttons is-content-justification-center is-layout-flex wp-container-core-buttons-is-layout-1 wp-block-buttons-is-layout-flex\">\n<div class=\"wp-block-button\"><a class=\"wp-block-button__link wp-element-button\" href=\"https:\/\/ink.asumbec.com\/products\/unisex-premium-sweatshirt\/\">D\u00e9couvrir<\/a><\/div>\n<\/div>\n\n<\/div><\/div><\/div><\/div>\n<\/div>\n\n\n<div data-block-name=\"woocommerce\/single-product\" class=\"wp-block-woocommerce-single-product\"><\/div>\n\n\n<div class=\"wp-block-columns is-layout-flex wp-container-core-columns-is-layout-3 wp-block-columns-is-layout-flex\">\n<div class=\"wp-block-column is-layout-flow wp-block-column-is-layout-flow\" style=\"flex-basis:33.33%\">\n<p class=\"has-text-align-left has-x-large-font-size\">Le T-Shirt Urbain.<\/p>\n\n\n\n<p>Pour se d\u00e9placer en toute serenit\u00e9.<\/p>\n<\/div>\n\n\n\n<div class=\"wp-block-column is-layout-flow wp-block-column-is-layout-flow\" style=\"flex-basis:66.66%\"><div data-block-name=\"woocommerce\/featured-product\" data-edit-mode=\"false\" data-focal-point=\"{&quot;x&quot;:0.5,&quot;y&quot;:0.02}\" data-min-height=\"311\" data-product-id=\"1268\" data-show-desc=\"false\" data-show-price=\"false\" class=\"wc-block-featured-product alignnone has-background-dim wp-block-woocommerce-featured-product\" style=\"min-height:311px;\"><div class=\"wc-block-featured-product__wrapper\"><div class=\"background-dim__overlay\" style=\"background-color: #000000\"><\/div><img decoding=\"async\" alt=\"The Street Shirt\" class=\"wc-block-featured-product__background-image\" src=\"https:\/\/ink.asumbec.com\/wp-content\/uploads\/2024\/04\/mens-classic-tee-white-back-661534b82b64b-1024x1024.jpg\" style=\"object-fit: none;object-position: 50% 2%;\" \/><h2 class=\"wc-block-featured-product__title\">The Street Shirt<\/h2><div class=\"wc-block-featured-product__link\">\n\n<div class=\"wp-block-buttons is-content-justification-center is-layout-flex wp-container-core-buttons-is-layout-2 wp-block-buttons-is-layout-flex\">\n<div class=\"wp-block-button\"><a class=\"wp-block-button__link wp-element-button\" href=\"https:\/\/ink.asumbec.com\/products\/the-street-shirt\/\">D\u00e9couvrir<\/a><\/div>\n<\/div>\n\n<\/div><\/div><\/div><\/div>\n<\/div>\n\n\n\n<div style=\"height:140px\" aria-hidden=\"true\" class=\"wp-block-spacer\"><\/div>\n\n\n\n<p><\/p>\n","protected":false},"excerpt":{"rendered":"<p>Le premier pull, doux et brod\u00e9. Pour un peu de chaleur et d&#8217;\u00e9l\u00e9gance. Le T-Shirt Urbain. Pour se d\u00e9placer en&hellip;<\/p>\n","protected":false},"author":1,"featured_media":0,"parent":0,"menu_order":0,"comment_status":"closed","ping_status":"closed","template":"","meta":{"footnotes":""},"class_list":["post-929","page","type-page","status-publish","hentry"],"_links":{"self":[{"href":"https:\/\/ink.asumbec.com\/fr\/wp-json\/wp\/v2\/pages\/929"}],"collection":[{"href":"https:\/\/ink.asumbec.com\/fr\/wp-json\/wp\/v2\/pages"}],"about":[{"href":"https:\/\/ink.asumbec.com\/fr\/wp-json\/wp\/v2\/types\/page"}],"author":[{"embeddable":true,"href":"https:\/\/ink.asumbec.com\/fr\/wp-json\/wp\/v2\/users\/1"}],"replies":[{"embeddable":true,"href":"https:\/\/ink.asumbec.com\/fr\/wp-json\/wp\/v2\/comments?post=929"}],"version-history":[{"count":49,"href":"https:\/\/ink.asumbec.com\/fr\/wp-json\/wp\/v2\/pages\/929\/revisions"}],"predecessor-version":[{"id":1286,"href":"https:\/\/ink.asumbec.com\/fr\/wp-json\/wp\/v2\/pages\/929\/revisions\/1286"}],"wp:attachment":[{"href":"https:\/\/ink.asumbec.com\/fr\/wp-json\/wp\/v2\/media?parent=929"}],"curies":[{"name":"wp","href":"https:\/\/api.w.org\/{rel}","templated":true}]}}