{"id":609,"date":"2022-03-02T01:34:44","date_gmt":"2022-03-02T00:34:44","guid":{"rendered":"https:\/\/ink.asumbec.com\/?page_id=609"},"modified":"2024-03-12T22:40:27","modified_gmt":"2024-03-12T21:40:27","slug":"le-studio","status":"publish","type":"page","link":"https:\/\/ink.asumbec.com\/fr\/le-studio\/","title":{"rendered":"The studio"},"content":{"rendered":"\n<div style=\"height:60px\" aria-hidden=\"true\" class=\"wp-block-spacer\"><\/div>\n\n\n\n<p>Le studio dans sa conception actuelle est finalement tr\u00e8s r\u00e9cent.<br>Avant cela, ce n&#8217;\u00e9tait pas officiel, les cr\u00e9ations \u00e9taient labellis\u00e9es par domaine mais elles ne refl\u00e9taient pas un caract\u00e8re officiel. Il y a eu plusieurs \u00e9tapes visant \u00e0 mettre en valeur le caract\u00e8re \u00ab promoteur des arts et des sciences \u00bb de l&#8217;organisme, comme un premier groupe de discussion sur Facebook ainsi que la cr\u00e9ation de notre premier journal, mais n&#8217;ayant que tr\u00e8s peu de moyens, la passion ne suffit malheureusement pas. pour \u00e9tablir notre position.<\/p>\n\n\n\n<p>Nous avons pens\u00e9 tr\u00e8s t\u00f4t \u00e0 l\u2019impression \u00e0 la demande, mais les d\u00e9buts de ce syst\u00e8me r\u00e9pondaient \u00e0 peine \u00e0 nos crit\u00e8res : la n\u00e9cessit\u00e9 d\u2019avoir un contr\u00f4le maximum sur l\u2019origine et la qualit\u00e9 de nos marchandises.<br>Le logo \u00e0 l&#8217;encre a \u00e9t\u00e9 cr\u00e9\u00e9e \u00e0 cette m\u00eame occasion.<\/p>\n\n\n\n<p>Mais tout cela a v\u00e9ritablement commenc\u00e9 avec l&#8217;\u00e9laboration du nouveau logo de l&#8217;entit\u00e9 principale : Asumbec.<br>\u00c0 premi\u00e8re vue, cela peut para\u00eetre simple. Mais c\u2019est le r\u00e9sultat de plusieurs ann\u00e9es de recherche, d\u2019exp\u00e9rimentation et d\u2019analyse. C&#8217;est le r\u00e9sultat de nos convictions : simplicit\u00e9 et \u00e9l\u00e9gance, sobre mais ambitieuse.<br>Imaginer le logo Asumbec, c&#8217;est l&#8217;\u00e9quilibre parfait entre une simple tente, un lieu de repos commun et sans ornements, un rappel de la nature ; les chevrons, symbole d&#8217;unicit\u00e9, de force, et d&#8217;engagement dans le combat, l&#8217;adversit\u00e9 ou encore la pyramide, symbole de puissance, d&#8217;\u00e9l\u00e9vation de l&#8217;esprit mais aussi de connaissance et d&#8217;abondance, de sagesse et de prosp\u00e9rit\u00e9.<\/p>\n\n\n\n<p>Par la suite, nous nous sommes affirm\u00e9s sur les r\u00e9seaux, ou du moins, nous y avons implant\u00e9 nos quartiers et aujourd&#8217;hui nous cherchons \u00e0 exprimer nos convictions \u00e0 travers nos cr\u00e9ations.<\/p>\n\n\n\n<p>Pour en savoir plus, n\u2019h\u00e9sitez pas \u00e0 visiter directement le site Internet de l\u2019organisme.<\/p>\n\n\n\n<p><\/p>\n\n\n\n<p><\/p>\n\n\n\n<p><\/p>\n\n\n\n<p><\/p>\n\n\n\n<div style=\"height:100px\" aria-hidden=\"true\" class=\"wp-block-spacer\"><\/div>\n\n\n\n<hr class=\"wp-block-separator has-css-opacity\"\/>\n\n\n\n<h2 class=\"wp-block-heading has-text-align-center\">ASMBC<\/h2>\n\n\n\n<p class=\"has-text-align-center\" style=\"font-size:12px\">Art &amp; Science<\/p>\n","protected":false},"excerpt":{"rendered":"<p>Le studio dans sa conception actuelle est finalement tr\u00e8s r\u00e9cent.Avant cela, ce n&#8217;\u00e9tait pas officiel, les cr\u00e9ations \u00e9taient labellis\u00e9es par&hellip;<\/p>\n","protected":false},"author":1,"featured_media":0,"parent":0,"menu_order":0,"comment_status":"closed","ping_status":"closed","template":"","meta":{"footnotes":""},"class_list":["post-609","page","type-page","status-publish","hentry"],"_links":{"self":[{"href":"https:\/\/ink.asumbec.com\/fr\/wp-json\/wp\/v2\/pages\/609"}],"collection":[{"href":"https:\/\/ink.asumbec.com\/fr\/wp-json\/wp\/v2\/pages"}],"about":[{"href":"https:\/\/ink.asumbec.com\/fr\/wp-json\/wp\/v2\/types\/page"}],"author":[{"embeddable":true,"href":"https:\/\/ink.asumbec.com\/fr\/wp-json\/wp\/v2\/users\/1"}],"replies":[{"embeddable":true,"href":"https:\/\/ink.asumbec.com\/fr\/wp-json\/wp\/v2\/comments?post=609"}],"version-history":[{"count":12,"href":"https:\/\/ink.asumbec.com\/fr\/wp-json\/wp\/v2\/pages\/609\/revisions"}],"predecessor-version":[{"id":1257,"href":"https:\/\/ink.asumbec.com\/fr\/wp-json\/wp\/v2\/pages\/609\/revisions\/1257"}],"wp:attachment":[{"href":"https:\/\/ink.asumbec.com\/fr\/wp-json\/wp\/v2\/media?parent=609"}],"curies":[{"name":"wp","href":"https:\/\/api.w.org\/{rel}","templated":true}]}}