{"id":607,"date":"2022-03-01T23:42:39","date_gmt":"2022-03-01T22:42:39","guid":{"rendered":"https:\/\/ink.asumbec.com\/?page_id=607"},"modified":"2023-10-23T00:32:44","modified_gmt":"2023-10-22T22:32:44","slug":"la-vision","status":"publish","type":"page","link":"https:\/\/ink.asumbec.com\/fr\/la-vision\/","title":{"rendered":"La vision"},"content":{"rendered":"\n<p>Chez Asumbec, nous aimons les arts, nous aimons les sciences et nous pensons avant tout que ces deux domaines ne font qu&#8217;un.<\/p>\n\n\n\n<p>D\u00e9couvrez nos influences \u00e0 travers nos cr\u00e9ations.<\/p>\n\n\n\n<div style=\"height:40px\" aria-hidden=\"true\" class=\"wp-block-spacer\"><\/div>\n\n\n\n<hr class=\"wp-block-separator has-css-opacity\"\/>\n\n\n\n<div style=\"height:100px\" aria-hidden=\"true\" class=\"wp-block-spacer\"><\/div>\n\n\n\n<h2 class=\"wp-block-heading has-text-align-center\">EN SAVOIR PLUS ?<\/h2>\n\n\n\n<p class=\"has-text-align-center\" style=\"font-size:12px\">D\u00e9couvrez la page du projet Asumbec<a href=\"https:\/\/www.asumbec.com\" data-type=\"URL\" data-id=\"https:\/\/www.asumbec.com\">.<\/a><\/p>\n\n\n\n<div style=\"height:100px\" aria-hidden=\"true\" class=\"wp-block-spacer\"><\/div>\n","protected":false},"excerpt":{"rendered":"<p>Chez Asumbec, nous aimons les arts, nous aimons les sciences et nous pensons avant tout que ces deux domaines ne&hellip;<\/p>\n","protected":false},"author":1,"featured_media":0,"parent":0,"menu_order":0,"comment_status":"closed","ping_status":"closed","template":"","meta":{"footnotes":""},"class_list":["post-607","page","type-page","status-publish","hentry"],"_links":{"self":[{"href":"https:\/\/ink.asumbec.com\/fr\/wp-json\/wp\/v2\/pages\/607"}],"collection":[{"href":"https:\/\/ink.asumbec.com\/fr\/wp-json\/wp\/v2\/pages"}],"about":[{"href":"https:\/\/ink.asumbec.com\/fr\/wp-json\/wp\/v2\/types\/page"}],"author":[{"embeddable":true,"href":"https:\/\/ink.asumbec.com\/fr\/wp-json\/wp\/v2\/users\/1"}],"replies":[{"embeddable":true,"href":"https:\/\/ink.asumbec.com\/fr\/wp-json\/wp\/v2\/comments?post=607"}],"version-history":[{"count":16,"href":"https:\/\/ink.asumbec.com\/fr\/wp-json\/wp\/v2\/pages\/607\/revisions"}],"predecessor-version":[{"id":1050,"href":"https:\/\/ink.asumbec.com\/fr\/wp-json\/wp\/v2\/pages\/607\/revisions\/1050"}],"wp:attachment":[{"href":"https:\/\/ink.asumbec.com\/fr\/wp-json\/wp\/v2\/media?parent=607"}],"curies":[{"name":"wp","href":"https:\/\/api.w.org\/{rel}","templated":true}]}}