{"id":602,"date":"2022-03-01T23:26:58","date_gmt":"2022-03-01T22:26:58","guid":{"rendered":"https:\/\/ink.asumbec.com\/?page_id=602"},"modified":"2025-12-05T00:18:21","modified_gmt":"2025-12-04T23:18:21","slug":"histoire","status":"publish","type":"page","link":"https:\/\/ink.asumbec.com\/fr\/histoire\/","title":{"rendered":"The story."},"content":{"rendered":"\n<p>Avant Ink, il y a Asumbec.<\/p>\n\n\n\n<p>Con\u00e7ue d&#8217;abord comme une agence de communication, l&#8217;id\u00e9e \u00e9tait simplement de proposer nos services dans les domaines du graphisme et du num\u00e9rique tout en proposant une strat\u00e9gie de promotion des arts et de la culture.<\/p>\n\n\n\n<p>Apr\u00e8s plusieurs ann\u00e9es d&#8217;existence, l&#8217;envie de d\u00e9velopper la partie artistique et l&#8217;identit\u00e9 de marque est devenue de plus en plus pr\u00e9sente et la partie communication s&#8217;est progressivement essouffl\u00e9e pour laisser place \u00e0 une p\u00e9riode de r\u00e9flexion sur l&#8217;\u00e9volution du projet.<br>Le num\u00e9rique ne devait \u00eatre qu&#8217;une porte d&#8217;expression et il fallait trouver le moyen de s&#8217;\u00e9panouir artistiquement tout en r\u00e9fl\u00e9chissant \u00e0 une strat\u00e9gie commerciale en accord avec nos valeurs, nos principes et notre situation.<br>Ne voulant pas se contenter de proposer une \u00e9ni\u00e8me boutique de pr\u00eat-\u00e0-porter et d&#8217;accessoires en tout genre et souhaitant conserver une totale autonomie, il a fallu pr\u00e8s d&#8217;une d\u00e9cennie pour trouver la meilleure fa\u00e7on de proc\u00e9der.<\/p>\n\n\n\n<p>La meilleure voie est finalement apparue d&#8217;elle-m\u00eame avec l&#8217;\u00e9volution de l&#8217;industrie et son implication dans les domaines environnementaux : la production \u00e0 la demande et l&#8217;\u00e9mergence de mat\u00e9riaux dits responsables (recyclage, bio, tous locaux) ont permis la r\u00e9ussite du projet gr\u00e2ce \u00e0 \u00e0 des fournisseurs engag\u00e9s partout dans le monde.<\/p>\n\n\n\n<p>Les r\u00e9percussions de ces choix impactent forc\u00e9ment les coups mais pour g\u00e9rer au mieux un \u00e9quilibre nous avons d\u00e9cid\u00e9 de continuer \u00e0 diversifier nos activit\u00e9s.<br>Par cela, Asumbec souhaite pouvoir vous offrir une garantie esth\u00e9tique de ses prestations : raffin\u00e9e, simple efficace, qui s\u00e9duise les artistes ayant la m\u00eame passion et les m\u00eames convictions tout en assurant actuellement une totale ind\u00e9pendance.<\/p>\n\n\n\n<div style=\"height:100px\" aria-hidden=\"true\" class=\"wp-block-spacer\"><\/div>\n\n\n\n<hr class=\"wp-block-separator has-css-opacity\"\/>\n\n\n\n<h2 class=\"wp-block-heading has-text-align-center\"><strong>LCVI<\/strong><\/h2>\n\n\n\n<p class=\"has-text-align-center\" style=\"font-size:12px\">&#8220;Cr\u00e9ateur, concepteur et bricoleur, j&#8217;essaye de r\u00e9unir art et science \u00e0 travers mes cr\u00e9ations.&#8221;<\/p>\n\n\n\n<p><\/p>\n","protected":false},"excerpt":{"rendered":"<p>Avant Ink, il y a Asumbec. Con\u00e7ue d&#8217;abord comme une agence de communication, l&#8217;id\u00e9e \u00e9tait simplement de proposer nos services&hellip;<\/p>\n","protected":false},"author":1,"featured_media":0,"parent":0,"menu_order":0,"comment_status":"closed","ping_status":"closed","template":"","meta":{"footnotes":""},"class_list":["post-602","page","type-page","status-publish","hentry"],"_links":{"self":[{"href":"https:\/\/ink.asumbec.com\/fr\/wp-json\/wp\/v2\/pages\/602"}],"collection":[{"href":"https:\/\/ink.asumbec.com\/fr\/wp-json\/wp\/v2\/pages"}],"about":[{"href":"https:\/\/ink.asumbec.com\/fr\/wp-json\/wp\/v2\/types\/page"}],"author":[{"embeddable":true,"href":"https:\/\/ink.asumbec.com\/fr\/wp-json\/wp\/v2\/users\/1"}],"replies":[{"embeddable":true,"href":"https:\/\/ink.asumbec.com\/fr\/wp-json\/wp\/v2\/comments?post=602"}],"version-history":[{"count":29,"href":"https:\/\/ink.asumbec.com\/fr\/wp-json\/wp\/v2\/pages\/602\/revisions"}],"predecessor-version":[{"id":1336,"href":"https:\/\/ink.asumbec.com\/fr\/wp-json\/wp\/v2\/pages\/602\/revisions\/1336"}],"wp:attachment":[{"href":"https:\/\/ink.asumbec.com\/fr\/wp-json\/wp\/v2\/media?parent=602"}],"curies":[{"name":"wp","href":"https:\/\/api.w.org\/{rel}","templated":true}]}}