{"id":2,"date":"2020-06-19T01:21:21","date_gmt":"2020-06-18T23:21:21","guid":{"rendered":"http:\/\/ink.asumbec.com\/?page_id=2"},"modified":"2023-11-30T15:29:10","modified_gmt":"2023-11-30T14:29:10","slug":"about-ink","status":"publish","type":"page","link":"https:\/\/ink.asumbec.com\/fr\/about-ink\/","title":{"rendered":"About Ink"},"content":{"rendered":"\n<p>Notre but premier est de partager nos cr\u00e9ations pour nous permettre de nous \u00e9panouir au sein des domaines du design et de la culture tout en essayant au mieux d&#8217;investir dans diff\u00e9rentes initiatives \u00e0 travers les revenus g\u00e9n\u00e9r\u00e9s.<\/p>\n\n\n\n<p>Notre but secondaire est d&#8217;aider les artistes \u00e0 travers le monde \u00e0 vendre leur \u0153uvre en leur simplifiant au maximum les d\u00e9marches li\u00e9s \u00e0 la vente en elle-m\u00eame : \u00e9diter physiquement sa cr\u00e9ation, chercher une galerie pour le promouvoir, \u00e9tablir un accord commercial, etc.<br>Un simple dessinateur ou photographe peut demander peut demander deux choses :<\/p>\n\n\n\n<ul class=\"wp-block-list\">\n<li>Mettre son \u0153uvre physique en ligne sur notre plateforme avec, s&#8217;il le souhaite, un accompagnement dans sa d\u00e9marche de communication \u00e0 travers nos diff\u00e9rents services li\u00e9s \u00e0 la direction artistique.<\/li>\n\n\n\n<li>Exposer directement sur Ink au prix qu&#8217;il le souhaite apr\u00e8s avec choisit son produit au sein de notre catalogue.<\/li>\n\n\n\n<li>Exposer sur Ink en choisissant parmi diff\u00e9rents produits issus de notre partenariat avec diff\u00e9rents fournisseurs ou il d\u00e9cidera de lui m\u00eame le prix.<\/li>\n<\/ul>\n\n\n\n<p>Pour pouvoir r\u00e9pondre \u00e0 ce dernier objectif nous avons fais le sacrifice du tout local car cela repr\u00e9senterait des coup colossaux.<br>Pour faire simple, nous devrions &#8220;vendre&#8221; notre activit\u00e9 et cela serait contraire \u00e0 la philosophie premi\u00e8re que nous d\u00e9fendons : aider toute personne de talent.<\/p>\n\n\n\n<p>Cependant nous avons des fournisseurs tout autour du globe et nous nous effor\u00e7ons de vous envoyer un produit issu d&#8217;une usine proche au plus proche de chez vous. \u00c9videmment il se peut que nous devions faire appel \u00e0 un autre fournisseur en cas de rupture de stock et que certains produits ne soient produit que dans une certaine zone g\u00e9ographique : cela est d\u00fb au fait que nous avons choisit de produire nos produits \u00e0 la demande et que, malheureseument, l&#8217;Europe ne repr\u00e9sente qu&#8217;une infime part de la production mondiale et \u00e0 notre \u00e9chelle nous n&#8217;avons pas la capacit\u00e9 de travailler avec le peu d&#8217;entit\u00e9 ouverte \u00e0 nos probl\u00e9matiques.<\/p>\n\n\n\n<p>A terme le but est de d\u00e9velopper des accords avec des petites structures \u00e9parpill\u00e9es tout autour du globe pour nous permettre  de r\u00e9duire les dommages environnementaux li\u00e9s \u00e0 notre projet ainsi que promouvoir les initiatives les plus valeureuses, et ce, peu importe le domaine.<\/p>\n\n\n\n<div style=\"height:100px\" aria-hidden=\"true\" class=\"wp-block-spacer\"><\/div>\n","protected":false},"excerpt":{"rendered":"<p>Notre but premier est de partager nos cr\u00e9ations pour nous permettre de nous \u00e9panouir au sein des domaines du design&hellip;<\/p>\n","protected":false},"author":1,"featured_media":0,"parent":0,"menu_order":0,"comment_status":"closed","ping_status":"closed","template":"","meta":{"footnotes":""},"class_list":["post-2","page","type-page","status-publish","hentry"],"_links":{"self":[{"href":"https:\/\/ink.asumbec.com\/fr\/wp-json\/wp\/v2\/pages\/2"}],"collection":[{"href":"https:\/\/ink.asumbec.com\/fr\/wp-json\/wp\/v2\/pages"}],"about":[{"href":"https:\/\/ink.asumbec.com\/fr\/wp-json\/wp\/v2\/types\/page"}],"author":[{"embeddable":true,"href":"https:\/\/ink.asumbec.com\/fr\/wp-json\/wp\/v2\/users\/1"}],"replies":[{"embeddable":true,"href":"https:\/\/ink.asumbec.com\/fr\/wp-json\/wp\/v2\/comments?post=2"}],"version-history":[{"count":19,"href":"https:\/\/ink.asumbec.com\/fr\/wp-json\/wp\/v2\/pages\/2\/revisions"}],"predecessor-version":[{"id":1082,"href":"https:\/\/ink.asumbec.com\/fr\/wp-json\/wp\/v2\/pages\/2\/revisions\/1082"}],"wp:attachment":[{"href":"https:\/\/ink.asumbec.com\/fr\/wp-json\/wp\/v2\/media?parent=2"}],"curies":[{"name":"wp","href":"https:\/\/api.w.org\/{rel}","templated":true}]}}