{"id":1212,"date":"2024-02-06T22:59:37","date_gmt":"2024-02-06T21:59:37","guid":{"rendered":"https:\/\/ink.asumbec.com\/fr\/products\/unisex-premium-sweatshirt\/"},"modified":"2024-11-06T16:44:31","modified_gmt":"2024-11-06T15:44:31","slug":"the-black-label-unisex-sweatshirt","status":"publish","type":"product","link":"https:\/\/ink.asumbec.com\/en\/products\/the-black-label-unisex-sweatshirt\/","title":{"rendered":"The Black Label"},"content":{"rendered":"<p>Cut a classic sweatshirt silhouette with a ribbed crew neck, long sleeve cuffs, and a flat hem. Layer it up or wear it alone for a contemporary streetwear look. With a soft fleece interior and a comfortable fit, it's sure to become your everyday favorite!<\/p>\n<p>\u2022 Front 100% cotton<br \/>\n\u2022 65% Cotton, 35% Polyester<br \/>\n\u2022 The heather anthracite color is composed of 55% cotton and 45% polyester<br \/>\n\u2022 Tight knit fleece at 3 ends<br \/>\n\u2022 Sewing on the side<br \/>\n\u2022 Two-needle fabric rib collar, cuffs and hem<\/p>\n<p>Ce produit est fabriqu\u00e9 sp\u00e9cialement pour vous d\u00e8s que vous passez une commande, c&rsquo;est pourquoi il nous faut un peu plus de temps pour vous le livrer. La fabrication de produits \u00e0 la demande plut\u00f4t qu&rsquo;en vrac permet de r\u00e9duire la surproduction, alors merci de prendre des d\u00e9cisions d&rsquo;achat r\u00e9fl\u00e9chies\u00a0!<\/p>","protected":false},"excerpt":{"rendered":"<p>Adoptez une silhouette de sweat-shirt classique avec un col ras du cou c\u00f4tel\u00e9, des poignets \u00e0 manches longues et un&hellip;<\/p>","protected":false},"featured_media":1220,"template":"","meta":[],"product_cat":[26],"product_tag":[],"class_list":{"0":"post-1212","1":"product","2":"type-product","3":"status-publish","4":"has-post-thumbnail","6":"product_cat-clothes","7":"pa_size-2xl","8":"pa_size-3xl","9":"pa_size-l","10":"pa_size-m","11":"pa_size-s","12":"pa_size-xl","14":"first","15":"instock","16":"taxable","17":"shipping-taxable","18":"purchasable","19":"product-type-variable","20":"has-default-attributes"},"_links":{"self":[{"href":"https:\/\/ink.asumbec.com\/en\/wp-json\/wp\/v2\/product\/1212"}],"collection":[{"href":"https:\/\/ink.asumbec.com\/en\/wp-json\/wp\/v2\/product"}],"about":[{"href":"https:\/\/ink.asumbec.com\/en\/wp-json\/wp\/v2\/types\/product"}],"wp:featuredmedia":[{"embeddable":true,"href":"https:\/\/ink.asumbec.com\/en\/wp-json\/wp\/v2\/media\/1220"}],"wp:attachment":[{"href":"https:\/\/ink.asumbec.com\/en\/wp-json\/wp\/v2\/media?parent=1212"}],"wp:term":[{"taxonomy":"product_cat","embeddable":true,"href":"https:\/\/ink.asumbec.com\/en\/wp-json\/wp\/v2\/product_cat?post=1212"},{"taxonomy":"product_tag","embeddable":true,"href":"https:\/\/ink.asumbec.com\/en\/wp-json\/wp\/v2\/product_tag?post=1212"}],"curies":[{"name":"wp","href":"https:\/\/api.w.org\/{rel}","templated":true}]}}