{"id":981,"date":"2023-05-09T00:44:47","date_gmt":"2023-05-08T22:44:47","guid":{"rendered":"https:\/\/ink.asumbec.com\/?page_id=981"},"modified":"2023-11-14T16:17:20","modified_gmt":"2023-11-14T15:17:20","slug":"collections","status":"publish","type":"page","link":"https:\/\/ink.asumbec.com\/en\/collections\/","title":{"rendered":"Collections"},"content":{"rendered":"<p>Nos collections repr\u00e9sentent une id\u00e9e, un concept.<br>Tous comme notre espace d\u00e9di\u00e9 aux artistes, chaque cr\u00e9ateur peut se voir doter d&rsquo;un espace ici-m\u00eame pour mettre en avant une ou plusieurs de ses collections.<\/p>\n\n\n\n<p>Notre soif de nouveaut\u00e9 est sans fin : n&rsquo;h\u00e9sitez pas \u00e0 nous communiquer votre projet !<\/p>\n\n\n\n<p><\/p>\n\n\n\n<p>Les collections :<\/p>\n\n\n\n<p>TRIBUTE TO HISTORY<\/p>\n\n\n\n<p>WAZA NO GAKKO<\/p>\n\n\n\n<p>FANMADE<\/p>\n\n\n\n<p><\/p>\n\n\n\n<p><\/p>","protected":false},"excerpt":{"rendered":"<p>Nos collections repr\u00e9sentent une id\u00e9e, un concept.Tous comme notre espace d\u00e9di\u00e9 aux artistes, chaque cr\u00e9ateur peut se voir doter d&rsquo;un&hellip;<\/p>","protected":false},"author":1,"featured_media":0,"parent":0,"menu_order":0,"comment_status":"closed","ping_status":"closed","template":"","meta":{"footnotes":""},"class_list":["post-981","page","type-page","status-publish","hentry"],"_links":{"self":[{"href":"https:\/\/ink.asumbec.com\/en\/wp-json\/wp\/v2\/pages\/981"}],"collection":[{"href":"https:\/\/ink.asumbec.com\/en\/wp-json\/wp\/v2\/pages"}],"about":[{"href":"https:\/\/ink.asumbec.com\/en\/wp-json\/wp\/v2\/types\/page"}],"author":[{"embeddable":true,"href":"https:\/\/ink.asumbec.com\/en\/wp-json\/wp\/v2\/users\/1"}],"replies":[{"embeddable":true,"href":"https:\/\/ink.asumbec.com\/en\/wp-json\/wp\/v2\/comments?post=981"}],"version-history":[{"count":4,"href":"https:\/\/ink.asumbec.com\/en\/wp-json\/wp\/v2\/pages\/981\/revisions"}],"predecessor-version":[{"id":1066,"href":"https:\/\/ink.asumbec.com\/en\/wp-json\/wp\/v2\/pages\/981\/revisions\/1066"}],"wp:attachment":[{"href":"https:\/\/ink.asumbec.com\/en\/wp-json\/wp\/v2\/media?parent=981"}],"curies":[{"name":"wp","href":"https:\/\/api.w.org\/{rel}","templated":true}]}}