{"id":609,"date":"2022-03-02T01:34:44","date_gmt":"2022-03-02T00:34:44","guid":{"rendered":"https:\/\/ink.asumbec.com\/?page_id=609"},"modified":"2024-03-12T22:40:27","modified_gmt":"2024-03-12T21:40:27","slug":"le-studio","status":"publish","type":"page","link":"https:\/\/ink.asumbec.com\/en\/le-studio\/","title":{"rendered":"The studio"},"content":{"rendered":"<div style=\"height:60px\" aria-hidden=\"true\" class=\"wp-block-spacer\"><\/div>\n\n\n\n<p>The studio in its current design is ultimately very recent.<br>Before that, it was not official, the creations were labeled by domain but they did not reflect an official character. There were several steps aimed at highlighting the \u201carts and sciences promoter\u201d character of the organization, such as a first discussion group on Facebook as well as the creation of our first newspaper, but having very little means, passion is unfortunately not enough. to establish our position. Before that, it was not official, the creations were labeled by domain but they did not reflect an official character. There were several steps aimed at highlighting the \u201carts and sciences promoter\u201d character of the organization, such as a first discussion group on Facebook as well as the creation of our first newspaper, but having very little means, passion is unfortunately not enough. to establish our position.<\/p>\n\n\n\n<p>We thought about printing on demand very early on, but the beginnings of this system barely met our criteria: the need to have maximum control over the origin and quality of our goods.<br>The ink logo was created on the same occasion.<\/p>\n\n\n\n<p>But all this really began with the development of the new logo of the main entity: Asumbec.<br>At first glance, this may seem simple. But it is the result of several years of research, experimentation and analysis. It is the result of our convictions: simplicity and elegance, sober but ambitious.<br>Imagining the Asumbec logo is the perfect balance between a simple tent, a common resting place without ornaments, a reminder of nature; the chevrons, symbol of uniqueness, strength, and commitment in combat, adversity or even the pyramid, symbol of power, elevation of the spirit but also of knowledge and abundance, wisdom and of prosperity.<\/p>\n\n\n\n<p>Subsequently, we asserted ourselves on the networks, or at least, we established our neighborhoods there and today we seek to express our convictions through our creations.<\/p>\n\n\n\n<p>To find out more, do not hesitate to visit the organization\u2019s website directly.<\/p>\n\n\n\n<p><\/p>\n\n\n\n<p><\/p>\n\n\n\n<p><\/p>\n\n\n\n<p><\/p>\n\n\n\n<div style=\"height:100px\" aria-hidden=\"true\" class=\"wp-block-spacer\"><\/div>\n\n\n\n<hr class=\"wp-block-separator has-css-opacity\"\/>\n\n\n\n<h2 class=\"wp-block-heading has-text-align-center\">ASMBC<\/h2>\n\n\n\n<p class=\"has-text-align-center\" style=\"font-size:12px\">Art &amp; Science<\/p>","protected":false},"excerpt":{"rendered":"<p>Le studio dans sa conception actuelle est finalement tr\u00e8s r\u00e9cent.Avant cela, ce n&rsquo;\u00e9tait pas officiel, les cr\u00e9ations \u00e9taient labellis\u00e9es par&hellip;<\/p>","protected":false},"author":1,"featured_media":0,"parent":0,"menu_order":0,"comment_status":"closed","ping_status":"closed","template":"","meta":{"footnotes":""},"class_list":["post-609","page","type-page","status-publish","hentry"],"_links":{"self":[{"href":"https:\/\/ink.asumbec.com\/en\/wp-json\/wp\/v2\/pages\/609"}],"collection":[{"href":"https:\/\/ink.asumbec.com\/en\/wp-json\/wp\/v2\/pages"}],"about":[{"href":"https:\/\/ink.asumbec.com\/en\/wp-json\/wp\/v2\/types\/page"}],"author":[{"embeddable":true,"href":"https:\/\/ink.asumbec.com\/en\/wp-json\/wp\/v2\/users\/1"}],"replies":[{"embeddable":true,"href":"https:\/\/ink.asumbec.com\/en\/wp-json\/wp\/v2\/comments?post=609"}],"version-history":[{"count":12,"href":"https:\/\/ink.asumbec.com\/en\/wp-json\/wp\/v2\/pages\/609\/revisions"}],"predecessor-version":[{"id":1257,"href":"https:\/\/ink.asumbec.com\/en\/wp-json\/wp\/v2\/pages\/609\/revisions\/1257"}],"wp:attachment":[{"href":"https:\/\/ink.asumbec.com\/en\/wp-json\/wp\/v2\/media?parent=609"}],"curies":[{"name":"wp","href":"https:\/\/api.w.org\/{rel}","templated":true}]}}